{"id":43,"date":"2021-12-15T00:23:01","date_gmt":"2021-12-15T00:23:01","guid":{"rendered":"https:\/\/relay.wordifysites.com\/?page_id=43"},"modified":"2023-01-02T22:17:41","modified_gmt":"2023-01-02T22:17:41","slug":"contact","status":"publish","type":"page","link":"https:\/\/menuiseriebls.com\/index.php\/contact\/","title":{"rendered":"Contact"},"content":{"rendered":"<div class=\"gb-container gb-container-c0d0a740\"><div class=\"gb-inside-container\">\n<div class=\"gb-grid-wrapper gb-grid-wrapper-e2684774\">\n<div class=\"gb-grid-column gb-grid-column-d3e7765a\"><div class=\"gb-container gb-container-d3e7765a\"><div class=\"gb-inside-container\">\n\n<h5 class=\"gb-headline gb-headline-7855afb9\"><span class=\"gb-icon\"><svg viewBox=\"0 0 682.66669 682.66669\" height=\"682.66669\" width=\"682.66669\" xml:space=\"preserve\" id=\"svg2499\" version=\"1.1\" xmlns=\"http:\/\/www.w3.org\/2000\/svg\"><defs id=\"defs2503\"><clipPath id=\"clipPath2513\" clipPathUnits=\"userSpaceOnUse\"><path id=\"path2511\" d=\"M 0,512 H 512 V 0 H 0 Z\"><\/path><\/clipPath><\/defs><g transform=\"matrix(1.3333333,0,0,-1.3333333,0,682.66667)\" id=\"g2505\"><g id=\"g2507\"><g clip-path=\"url(#clipPath2513)\" id=\"g2509\"><g transform=\"translate(256,15)\" id=\"g2515\"><path id=\"path2517\" style=\"fill:none;stroke:#000000;stroke-width:30;stroke-linecap:round;stroke-linejoin:round;stroke-miterlimit:10;stroke-dasharray:none;stroke-opacity:1\" d=\"m 0,0 c -60,90 -165,212 -165,317 0,90.981 74.019,165 165,165 90.981,0 165,-74.019 165,-165 C 165,212 60,90 0,0 Z\"><\/path><\/g><g transform=\"translate(256,257)\" id=\"g2519\"><path id=\"path2521\" style=\"fill:none;stroke:#000000;stroke-width:30;stroke-linecap:round;stroke-linejoin:round;stroke-miterlimit:10;stroke-dasharray:none;stroke-opacity:1\" d=\"m 0,0 c -41.353,0 -75,33.647 -75,75 0,41.353 33.647,75 75,75 41.353,0 75,-33.647 75,-75 C 75,33.647 41.353,0 0,0 Z\"><\/path><\/g><\/g><\/g><\/g><\/svg><\/span><span class=\"gb-headline-text\">Adresse<\/span><\/h5>\n\n\n\n<p class=\"gb-headline gb-headline-461ec2e2 gb-headline-text\">Papaloa-Toloke<br>98 620 Sigave<br>Futuna<\/p>\n\n<\/div><\/div><\/div>\n\n<div class=\"gb-grid-column gb-grid-column-3838a73f\"><div class=\"gb-container gb-container-3838a73f\"><div class=\"gb-inside-container\">\n\n<h5 class=\"gb-headline gb-headline-a3400157\"><span class=\"gb-icon\"><svg xmlns=\"http:\/\/www.w3.org\/2000\/svg\" xmlns:xlink=\"http:\/\/www.w3.org\/1999\/xlink\" version=\"1.1\" id=\"Capa_1\" x=\"0px\" y=\"0px\" viewBox=\"0 0 512 512\" style=\"enable-background:new 0 0 512 512;\" xml:space=\"preserve\"> <g> \t<g> \t\t<path d=\"M467,76H45C20.137,76,0,96.262,0,121v270c0,24.885,20.285,45,45,45h422c24.655,0,45-20.03,45-45V121    C512,96.306,491.943,76,467,76z M460.698,106c-9.194,9.145-167.415,166.533-172.878,171.967c-8.5,8.5-19.8,13.18-31.82,13.18    s-23.32-4.681-31.848-13.208C220.478,274.284,64.003,118.634,51.302,106H460.698z M30,384.894V127.125L159.638,256.08L30,384.894z     M51.321,406l129.587-128.763l22.059,21.943c14.166,14.166,33,21.967,53.033,21.967c20.033,0,38.867-7.801,53.005-21.939    l22.087-21.971L460.679,406H51.321z M482,384.894L352.362,256.08L482,127.125V384.894z\"><\/path> \t<\/g> <\/g> <g> <\/g> <g> <\/g> <g> <\/g> <g> <\/g> <g> <\/g> <g> <\/g> <g> <\/g> <g> <\/g> <g> <\/g> <g> <\/g> <g> <\/g> <g> <\/g> <g> <\/g> <g> <\/g> <g> <\/g> <\/svg><\/span><span class=\"gb-headline-text\">Contact<\/span><\/h5>\n\n\n\n<p class=\"gb-headline gb-headline-6e396ebe gb-headline-text\"><a href=\"mailto: contact@menuiseriebls.com\">contact@menuiseriebls.com<\/a><\/p>\n\n\n\n<p class=\"gb-headline gb-headline-1e044a83 gb-headline-text\"><a href=\"tel:+681835550\">+681 83 55 50<\/a><\/p>\n\n<\/div><\/div><\/div>\n\n<div class=\"gb-grid-column gb-grid-column-e66bbee2\"><div class=\"gb-container gb-container-e66bbee2\"><div class=\"gb-inside-container\">\n\n<h5 class=\"gb-headline gb-headline-1dec455f\"><span class=\"gb-icon\"><svg xmlns=\"http:\/\/www.w3.org\/2000\/svg\" id=\"Layer_1\" height=\"512\" viewBox=\"0 0 512.001 512.001\" width=\"512\"><path d=\"m256.002 511.751c-227.238-.228-341.538-276.195-181.018-437.02 95.289-99.301 266.749-99.317 362.037.004 160.519 160.839 46.205 436.801-181.019 437.016zm0-472c-119.103 0-216 96.897-216 216 11.865 286.553 420.178 286.47 432-.002 0-119.1-96.898-215.998-216-215.998zm93.142 280.858-63.188-63.188c.556-9.332-3.424-18.251-9.964-24.039.006-.209.01-.419.01-.63v-117c-1.056-26.536-38.953-26.516-40 0v117c0 .211.004.421.01.63-20.915 18.722-6.727 53.786 21.659 52.324l63.188 63.188c7.81 7.811 20.474 7.811 28.284 0 7.811-7.811 7.811-20.474.001-28.285z\"><\/path><\/svg><\/span><span class=\"gb-headline-text\">Horaires<\/span><\/h5>\n\n\n\n<p class=\"gb-headline gb-headline-3b4284bc gb-headline-text\">Lun-Ven 07:00 &#8211; 19:00<\/p>\n\n<\/div><\/div><\/div>\n<\/div>\n<\/div><\/div>\n\n<div class=\"gb-container gb-container-407b04ac\"><div class=\"gb-inside-container\">\n\n<iframe src=\"https:\/\/www.google.com\/maps\/embed?pb=!1m26!1m12!1m3!1d3680.506638324489!2d-178.17769816918621!3d-14.262671162808148!2m3!1f0!2f0!3f0!3m2!1i1024!2i768!4f13.1!4m11!3e2!4m5!1s0x71da55554f3ed489%3A0x8f298e8325eadfce!2sBoulangerie%20Pain%20Coco%2C%20PRPF%2BH9%2C%20Fiua%2C%20Wallis-et-Futuna!3m2!1d-14.2635519!2d-178.176583!4m3!3m2!1d-14.2610134!2d-178.1776931!5e0!3m2!1sfr!2snr!4v1671865329366!5m2!1sfr!2snr\" width=\"100%\" height=\"450\" style=\"border:0;\" allowfullscreen=\"\" loading=\"lazy\" referrerpolicy=\"no-referrer-when-downgrade\"><\/iframe>\n\n<\/div><\/div>","protected":false},"excerpt":{"rendered":"","protected":false},"author":1,"featured_media":0,"parent":0,"menu_order":0,"comment_status":"closed","ping_status":"closed","template":"","meta":{"footnotes":""},"class_list":["post-43","page","type-page","status-publish"],"yoast_head":"<!-- This site is optimized with the Yoast SEO plugin v19.13 - https:\/\/yoast.com\/wordpress\/plugins\/seo\/ -->\n<title>Contact - Menuiserie BLS concept<\/title>\n<meta name=\"description\" content=\"Nous pouvons r\u00e9aliser tous types de menuiseries sur mesure. N&#039;h\u00e9sitez pas \u00e0 nous contacter pour recevoir un devis.\" \/>\n<meta name=\"robots\" content=\"index, follow, max-snippet:-1, max-image-preview:large, max-video-preview:-1\" \/>\n<link rel=\"canonical\" href=\"https:\/\/menuiseriebls.com\/index.php\/contact\/\" \/>\n<meta property=\"og:locale\" content=\"en_US\" \/>\n<meta property=\"og:type\" content=\"article\" \/>\n<meta property=\"og:title\" content=\"Contact - Menuiserie BLS concept\" \/>\n<meta property=\"og:description\" content=\"Nous pouvons r\u00e9aliser tous types de menuiseries sur mesure. N&#039;h\u00e9sitez pas \u00e0 nous contacter pour recevoir un devis.\" \/>\n<meta property=\"og:url\" content=\"https:\/\/menuiseriebls.com\/index.php\/contact\/\" \/>\n<meta property=\"og:site_name\" content=\"Menuiserie BLS concept\" \/>\n<meta property=\"article:modified_time\" content=\"2023-01-02T22:17:41+00:00\" \/>\n<meta name=\"twitter:card\" content=\"summary_large_image\" \/>\n<meta name=\"twitter:label1\" content=\"Est. reading time\" \/>\n\t<meta name=\"twitter:data1\" content=\"1 minute\" \/>\n<script type=\"application\/ld+json\" class=\"yoast-schema-graph\">{\"@context\":\"https:\/\/schema.org\",\"@graph\":[{\"@type\":\"WebPage\",\"@id\":\"https:\/\/menuiseriebls.com\/index.php\/contact\/\",\"url\":\"https:\/\/menuiseriebls.com\/index.php\/contact\/\",\"name\":\"Contact - Menuiserie BLS concept\",\"isPartOf\":{\"@id\":\"https:\/\/menuiseriebls.com\/#website\"},\"datePublished\":\"2021-12-15T00:23:01+00:00\",\"dateModified\":\"2023-01-02T22:17:41+00:00\",\"description\":\"Nous pouvons r\u00e9aliser tous types de menuiseries sur mesure. N'h\u00e9sitez pas \u00e0 nous contacter pour recevoir un devis.\",\"breadcrumb\":{\"@id\":\"https:\/\/menuiseriebls.com\/index.php\/contact\/#breadcrumb\"},\"inLanguage\":\"en-US\",\"potentialAction\":[{\"@type\":\"ReadAction\",\"target\":[\"https:\/\/menuiseriebls.com\/index.php\/contact\/\"]}]},{\"@type\":\"BreadcrumbList\",\"@id\":\"https:\/\/menuiseriebls.com\/index.php\/contact\/#breadcrumb\",\"itemListElement\":[{\"@type\":\"ListItem\",\"position\":1,\"name\":\"Home\",\"item\":\"https:\/\/menuiseriebls.com\/\"},{\"@type\":\"ListItem\",\"position\":2,\"name\":\"Contact\"}]},{\"@type\":\"WebSite\",\"@id\":\"https:\/\/menuiseriebls.com\/#website\",\"url\":\"https:\/\/menuiseriebls.com\/\",\"name\":\"Menuiserie BLS concept\",\"description\":\"Notre plus beau projet, c&#039;est le v\u00f4tre\",\"publisher\":{\"@id\":\"https:\/\/menuiseriebls.com\/#organization\"},\"potentialAction\":[{\"@type\":\"SearchAction\",\"target\":{\"@type\":\"EntryPoint\",\"urlTemplate\":\"https:\/\/menuiseriebls.com\/?s={search_term_string}\"},\"query-input\":\"required name=search_term_string\"}],\"inLanguage\":\"en-US\"},{\"@type\":\"Organization\",\"@id\":\"https:\/\/menuiseriebls.com\/#organization\",\"name\":\"Menuiserie BLS concept\",\"url\":\"https:\/\/menuiseriebls.com\/\",\"logo\":{\"@type\":\"ImageObject\",\"inLanguage\":\"en-US\",\"@id\":\"https:\/\/menuiseriebls.com\/#\/schema\/logo\/image\/\",\"url\":\"https:\/\/menuiseriebls.com\/wp-content\/uploads\/2022\/12\/MBC-logo.png\",\"contentUrl\":\"https:\/\/menuiseriebls.com\/wp-content\/uploads\/2022\/12\/MBC-logo.png\",\"width\":2271,\"height\":1674,\"caption\":\"Menuiserie BLS concept\"},\"image\":{\"@id\":\"https:\/\/menuiseriebls.com\/#\/schema\/logo\/image\/\"}}]}<\/script>\n<!-- \/ Yoast SEO plugin. -->","yoast_head_json":{"title":"Contact - Menuiserie BLS concept","description":"Nous pouvons r\u00e9aliser tous types de menuiseries sur mesure. N'h\u00e9sitez pas \u00e0 nous contacter pour recevoir un devis.","robots":{"index":"index","follow":"follow","max-snippet":"max-snippet:-1","max-image-preview":"max-image-preview:large","max-video-preview":"max-video-preview:-1"},"canonical":"https:\/\/menuiseriebls.com\/index.php\/contact\/","og_locale":"en_US","og_type":"article","og_title":"Contact - Menuiserie BLS concept","og_description":"Nous pouvons r\u00e9aliser tous types de menuiseries sur mesure. N'h\u00e9sitez pas \u00e0 nous contacter pour recevoir un devis.","og_url":"https:\/\/menuiseriebls.com\/index.php\/contact\/","og_site_name":"Menuiserie BLS concept","article_modified_time":"2023-01-02T22:17:41+00:00","twitter_card":"summary_large_image","twitter_misc":{"Est. reading time":"1 minute"},"schema":{"@context":"https:\/\/schema.org","@graph":[{"@type":"WebPage","@id":"https:\/\/menuiseriebls.com\/index.php\/contact\/","url":"https:\/\/menuiseriebls.com\/index.php\/contact\/","name":"Contact - Menuiserie BLS concept","isPartOf":{"@id":"https:\/\/menuiseriebls.com\/#website"},"datePublished":"2021-12-15T00:23:01+00:00","dateModified":"2023-01-02T22:17:41+00:00","description":"Nous pouvons r\u00e9aliser tous types de menuiseries sur mesure. N'h\u00e9sitez pas \u00e0 nous contacter pour recevoir un devis.","breadcrumb":{"@id":"https:\/\/menuiseriebls.com\/index.php\/contact\/#breadcrumb"},"inLanguage":"en-US","potentialAction":[{"@type":"ReadAction","target":["https:\/\/menuiseriebls.com\/index.php\/contact\/"]}]},{"@type":"BreadcrumbList","@id":"https:\/\/menuiseriebls.com\/index.php\/contact\/#breadcrumb","itemListElement":[{"@type":"ListItem","position":1,"name":"Home","item":"https:\/\/menuiseriebls.com\/"},{"@type":"ListItem","position":2,"name":"Contact"}]},{"@type":"WebSite","@id":"https:\/\/menuiseriebls.com\/#website","url":"https:\/\/menuiseriebls.com\/","name":"Menuiserie BLS concept","description":"Notre plus beau projet, c&#039;est le v\u00f4tre","publisher":{"@id":"https:\/\/menuiseriebls.com\/#organization"},"potentialAction":[{"@type":"SearchAction","target":{"@type":"EntryPoint","urlTemplate":"https:\/\/menuiseriebls.com\/?s={search_term_string}"},"query-input":"required name=search_term_string"}],"inLanguage":"en-US"},{"@type":"Organization","@id":"https:\/\/menuiseriebls.com\/#organization","name":"Menuiserie BLS concept","url":"https:\/\/menuiseriebls.com\/","logo":{"@type":"ImageObject","inLanguage":"en-US","@id":"https:\/\/menuiseriebls.com\/#\/schema\/logo\/image\/","url":"https:\/\/menuiseriebls.com\/wp-content\/uploads\/2022\/12\/MBC-logo.png","contentUrl":"https:\/\/menuiseriebls.com\/wp-content\/uploads\/2022\/12\/MBC-logo.png","width":2271,"height":1674,"caption":"Menuiserie BLS concept"},"image":{"@id":"https:\/\/menuiseriebls.com\/#\/schema\/logo\/image\/"}}]}},"_links":{"self":[{"href":"https:\/\/menuiseriebls.com\/index.php\/wp-json\/wp\/v2\/pages\/43","targetHints":{"allow":["GET"]}}],"collection":[{"href":"https:\/\/menuiseriebls.com\/index.php\/wp-json\/wp\/v2\/pages"}],"about":[{"href":"https:\/\/menuiseriebls.com\/index.php\/wp-json\/wp\/v2\/types\/page"}],"author":[{"embeddable":true,"href":"https:\/\/menuiseriebls.com\/index.php\/wp-json\/wp\/v2\/users\/1"}],"replies":[{"embeddable":true,"href":"https:\/\/menuiseriebls.com\/index.php\/wp-json\/wp\/v2\/comments?post=43"}],"version-history":[{"count":7,"href":"https:\/\/menuiseriebls.com\/index.php\/wp-json\/wp\/v2\/pages\/43\/revisions"}],"predecessor-version":[{"id":828,"href":"https:\/\/menuiseriebls.com\/index.php\/wp-json\/wp\/v2\/pages\/43\/revisions\/828"}],"wp:attachment":[{"href":"https:\/\/menuiseriebls.com\/index.php\/wp-json\/wp\/v2\/media?parent=43"}],"curies":[{"name":"wp","href":"https:\/\/api.w.org\/{rel}","templated":true}]}}